{"id":4,"date":"2026-04-25T16:51:05","date_gmt":"2026-04-25T16:51:05","guid":{"rendered":"https:\/\/saigonfnbconcept.vn\/index.php\/gio-hang\/"},"modified":"2026-04-25T16:51:05","modified_gmt":"2026-04-25T16:51:05","slug":"gio-hang","status":"publish","type":"page","link":"https:\/\/saigonfnbconcept.vn\/index.php\/gio-hang\/","title":{"rendered":"Gi\u1ecf h\u00e0ng"},"content":{"rendered":"\n<div data-block-name=\"woocommerce\/cart\" class=\"wp-block-woocommerce-cart alignwide is-loading\">\n<div data-block-name=\"woocommerce\/filled-cart-block\" class=\"wp-block-woocommerce-filled-cart-block\">\n<div data-block-name=\"woocommerce\/cart-items-block\" class=\"wp-block-woocommerce-cart-items-block\">\n<div data-block-name=\"woocommerce\/cart-line-items-block\" class=\"wp-block-woocommerce-cart-line-items-block\"><\/div>\n\n\n<\/div>\n\n\n\n\n<div data-block-name=\"woocommerce\/cart-totals-block\" class=\"wp-block-woocommerce-cart-totals-block\">\n<div data-block-name=\"woocommerce\/cart-order-summary-block\" class=\"wp-block-woocommerce-cart-order-summary-block\">\n<div data-block-name=\"woocommerce\/cart-order-summary-heading-block\" class=\"wp-block-woocommerce-cart-order-summary-heading-block\"><\/div><div data-block-name=\"woocommerce\/cart-order-summary-coupon-form-block\" class=\"wp-block-woocommerce-cart-order-summary-coupon-form-block\"><\/div><div data-block-name=\"woocommerce\/cart-order-summary-totals-block\" class=\"wp-block-woocommerce-cart-order-summary-totals-block\">\n<div data-block-name=\"woocommerce\/cart-order-summary-subtotal-block\" class=\"wp-block-woocommerce-cart-order-summary-subtotal-block\"><\/div>\n<div data-block-name=\"woocommerce\/cart-order-summary-discount-block\" class=\"wp-block-woocommerce-cart-order-summary-discount-block\"><\/div>\n<div data-block-name=\"woocommerce\/cart-order-summary-fee-block\" class=\"wp-block-woocommerce-cart-order-summary-fee-block\"><\/div>\n<div data-block-name=\"woocommerce\/cart-order-summary-shipping-block\" class=\"wp-block-woocommerce-cart-order-summary-shipping-block\"><\/div>\n<div data-block-name=\"woocommerce\/cart-order-summary-taxes-block\" class=\"wp-block-woocommerce-cart-order-summary-taxes-block\"><\/div><\/div>\n<\/div>\n\n\n\n<div data-block-name=\"woocommerce\/cart-express-payment-block\" class=\"wp-block-woocommerce-cart-express-payment-block\"><\/div>\n\n\n\n<div data-block-name=\"woocommerce\/proceed-to-checkout-block\" class=\"wp-block-woocommerce-proceed-to-checkout-block\"><\/div>\n\n\n\n<div data-block-name=\"woocommerce\/cart-accepted-payment-methods-block\" class=\"wp-block-woocommerce-cart-accepted-payment-methods-block\"><\/div>\n<\/div>\n<\/div>\n\n\n\n<div data-block-name=\"woocommerce\/empty-cart-block\" class=\"wp-block-woocommerce-empty-cart-block\">\n<h2 class=\"wp-block-heading has-text-align-center with-empty-cart-icon wc-block-cart__empty-cart__title\">Gi\u1ecf h\u00e0ng hi\u1ec7n t\u1ea1i ch\u01b0a c\u00f3 s\u1ea3n ph\u1ea9m n\u00e0o!<\/h2>\n\n\n\n<hr class=\"wp-block-separator has-alpha-channel-opacity is-style-dots\"\/>\n\n\n\n<h2 class=\"wp-block-heading has-text-align-center\">M\u1edbi trong c\u1eeda h\u00e0ng<\/h2>\n\n\n<div data-block-name=\"woocommerce\/product-new\" data-columns=\"4\" data-rows=\"1\" class=\"wc-block-grid wp-block-product-new wp-block-woocommerce-product-new wc-block-product-new has-4-columns\"><ul class=\"wc-block-grid__products\"><li class=\"wc-block-grid__product\">\n\t\t\t\t<a href=\"https:\/\/saigonfnbconcept.vn\/index.php\/san-pham\/benotebook2\/\" class=\"wc-block-grid__product-link\">\n\t\t\t\t\t<div class=\"wc-block-grid__product-onsale\">\n\t\t\t<span aria-hidden=\"true\">Khuy\u1ebfn m\u1ea1i<\/span>\n\t\t\t<span class=\"screen-reader-text\">S\u1ea3n ph\u1ea9m \u0111ang gi\u1ea3m gi\u00e1<\/span>\n\t\t<\/div>\n\t\t\t\t\t<div class=\"wc-block-grid__product-image\"><img decoding=\"async\" src=\"https:\/\/saigonfnbconcept.vn\/wp-content\/uploads\/2022\/08\/bethemestore2-products-pic18.webp\" class=\"attachment-woocommerce_thumbnail size-woocommerce_thumbnail\" alt=\"BeNotebook2\" \/><\/div>\n\t\t\t\t\t<div class=\"wc-block-grid__product-title\">BeNotebook2<\/div>\n\t\t\t\t<\/a>\n\t\t\t\t<div class=\"wc-block-grid__product-price price\"><span class=\"woocommerce-Price-amount amount\" aria-hidden=\"true\"><span class=\"woocommerce-Price-currencySymbol\">&#036;<\/span>2,500.00<\/span> <span aria-hidden=\"true\">&ndash;<\/span> <span class=\"woocommerce-Price-amount amount\" aria-hidden=\"true\"><span class=\"woocommerce-Price-currencySymbol\">&#036;<\/span>5,300.00<\/span><span class=\"screen-reader-text\">Kho\u1ea3ng gi\u00e1: t\u1eeb &#036;2,500.00 \u0111\u1ebfn &#036;5,300.00<\/span><\/div>\n\t\t\t\t<div class=\"wc-block-grid__product-rating\"><span class=\"wc-rating-with-text\"><div class=\"star-rating\" role=\"img\" aria-label=\"\u0110\u01b0\u1ee3c x\u1ebfp h\u1ea1ng 5.00 5 sao\"><span style=\"width:100%\"><strong class=\"rating\">5.00<\/strong> tr\u00ean 5 d\u1ef1a tr\u00ean <span class=\"rating\">1<\/span> \u0111\u00e1nh gi\u00e1<\/span><\/div><span class=\"wc-rating-text\" aria-hidden=\"true\">5.0<\/span><\/span><\/div>\n\t\t\t\t<div class=\"wp-block-button wc-block-grid__product-add-to-cart\"><a href=\"https:\/\/saigonfnbconcept.vn\/index.php\/san-pham\/benotebook2\/\" aria-label=\"L\u1ef1a ch\u1ecdn cho &ldquo;BeNotebook2&rdquo;\" data-quantity=\"1\" data-product_id=\"210\" data-product_sku=\"be\/bs3\/0018\" data-price=\"2500\" rel=\"nofollow\" class=\"wp-block-button__link  add_to_cart_button\">Ch\u1ecdn<\/a><\/div>\n\t\t\t<\/li><li class=\"wc-block-grid__product\">\n\t\t\t\t<a href=\"https:\/\/saigonfnbconcept.vn\/index.php\/san-pham\/beheadphones2\/\" class=\"wc-block-grid__product-link\">\n\t\t\t\t\t<div class=\"wc-block-grid__product-onsale\">\n\t\t\t<span aria-hidden=\"true\">Khuy\u1ebfn m\u1ea1i<\/span>\n\t\t\t<span class=\"screen-reader-text\">S\u1ea3n ph\u1ea9m \u0111ang gi\u1ea3m gi\u00e1<\/span>\n\t\t<\/div>\n\t\t\t\t\t<div class=\"wc-block-grid__product-image\"><img decoding=\"async\" src=\"https:\/\/saigonfnbconcept.vn\/wp-content\/uploads\/2022\/08\/bethemestore2-products-pic17.webp\" class=\"attachment-woocommerce_thumbnail size-woocommerce_thumbnail\" alt=\"BeHeadphones2\" \/><\/div>\n\t\t\t\t\t<div class=\"wc-block-grid__product-title\">BeHeadphones2<\/div>\n\t\t\t\t<\/a>\n\t\t\t\t<div class=\"wc-block-grid__product-price price\"><del aria-hidden=\"true\"><span class=\"woocommerce-Price-amount amount\"><span class=\"woocommerce-Price-currencySymbol\">&#036;<\/span>450.00<\/span><\/del> <span class=\"screen-reader-text\">Gi\u00e1 g\u1ed1c l\u00e0: &#036;450.00.<\/span><ins aria-hidden=\"true\"><span class=\"woocommerce-Price-amount amount\"><span class=\"woocommerce-Price-currencySymbol\">&#036;<\/span>430.00<\/span><\/ins><span class=\"screen-reader-text\">Gi\u00e1 hi\u1ec7n t\u1ea1i l\u00e0: &#036;430.00.<\/span><\/div>\n\t\t\t\t<div class=\"wc-block-grid__product-rating\"><span class=\"wc-rating-with-text\"><div class=\"star-rating\" role=\"img\" aria-label=\"\u0110\u01b0\u1ee3c x\u1ebfp h\u1ea1ng 5.00 5 sao\"><span style=\"width:100%\"><strong class=\"rating\">5.00<\/strong> tr\u00ean 5 d\u1ef1a tr\u00ean <span class=\"rating\">1<\/span> \u0111\u00e1nh gi\u00e1<\/span><\/div><span class=\"wc-rating-text\" aria-hidden=\"true\">5.0<\/span><\/span><\/div>\n\t\t\t\t<div class=\"wp-block-button wc-block-grid__product-add-to-cart\"><a href=\"https:\/\/saigonfnbconcept.vn\/index.php\/san-pham\/beheadphones2\/\" aria-label=\"L\u1ef1a ch\u1ecdn cho &ldquo;BeHeadphones2&rdquo;\" data-quantity=\"1\" data-product_id=\"200\" data-product_sku=\"be\/bs3\/0017\" data-price=\"430\" rel=\"nofollow\" class=\"wp-block-button__link  add_to_cart_button\">Ch\u1ecdn<\/a><\/div>\n\t\t\t<\/li><li class=\"wc-block-grid__product\">\n\t\t\t\t<a href=\"https:\/\/saigonfnbconcept.vn\/index.php\/san-pham\/besmartphone2\/\" class=\"wc-block-grid__product-link\">\n\t\t\t\t\t<div class=\"wc-block-grid__product-onsale\">\n\t\t\t<span aria-hidden=\"true\">Khuy\u1ebfn m\u1ea1i<\/span>\n\t\t\t<span class=\"screen-reader-text\">S\u1ea3n ph\u1ea9m \u0111ang gi\u1ea3m gi\u00e1<\/span>\n\t\t<\/div>\n\t\t\t\t\t<div class=\"wc-block-grid__product-image\"><img decoding=\"async\" src=\"https:\/\/saigonfnbconcept.vn\/wp-content\/uploads\/2022\/08\/bethemestore2-products-pic16.webp\" class=\"attachment-woocommerce_thumbnail size-woocommerce_thumbnail\" alt=\"BeSmartphone2\" \/><\/div>\n\t\t\t\t\t<div class=\"wc-block-grid__product-title\">BeSmartphone2<\/div>\n\t\t\t\t<\/a>\n\t\t\t\t<div class=\"wc-block-grid__product-price price\"><span class=\"woocommerce-Price-amount amount\" aria-hidden=\"true\"><span class=\"woocommerce-Price-currencySymbol\">&#036;<\/span>220.00<\/span> <span aria-hidden=\"true\">&ndash;<\/span> <span class=\"woocommerce-Price-amount amount\" aria-hidden=\"true\"><span class=\"woocommerce-Price-currencySymbol\">&#036;<\/span>320.00<\/span><span class=\"screen-reader-text\">Kho\u1ea3ng gi\u00e1: t\u1eeb &#036;220.00 \u0111\u1ebfn &#036;320.00<\/span><\/div>\n\t\t\t\t<div class=\"wc-block-grid__product-rating\"><span class=\"wc-rating-with-text\"><div class=\"star-rating\" role=\"img\" aria-label=\"\u0110\u01b0\u1ee3c x\u1ebfp h\u1ea1ng 4.00 5 sao\"><span style=\"width:80%\"><strong class=\"rating\">4.00<\/strong> tr\u00ean 5 d\u1ef1a tr\u00ean <span class=\"rating\">1<\/span> \u0111\u00e1nh gi\u00e1<\/span><\/div><span class=\"wc-rating-text\" aria-hidden=\"true\">4.0<\/span><\/span><\/div>\n\t\t\t\t<div class=\"wp-block-button wc-block-grid__product-add-to-cart\"><a href=\"https:\/\/saigonfnbconcept.vn\/index.php\/san-pham\/besmartphone2\/\" aria-label=\"L\u1ef1a ch\u1ecdn cho &ldquo;BeSmartphone2&rdquo;\" data-quantity=\"1\" data-product_id=\"192\" data-product_sku=\"be\/bs3\/0016\" data-price=\"220\" rel=\"nofollow\" class=\"wp-block-button__link  add_to_cart_button\">Ch\u1ecdn<\/a><\/div>\n\t\t\t<\/li><li class=\"wc-block-grid__product\">\n\t\t\t\t<a href=\"https:\/\/saigonfnbconcept.vn\/index.php\/san-pham\/besmartwatch3\/\" class=\"wc-block-grid__product-link\">\n\t\t\t\t\t\n\t\t\t\t\t<div class=\"wc-block-grid__product-image\"><img decoding=\"async\" src=\"https:\/\/saigonfnbconcept.vn\/wp-content\/uploads\/2022\/08\/bethemestore2-products-pic15.webp\" class=\"attachment-woocommerce_thumbnail size-woocommerce_thumbnail\" alt=\"BeSmartWatch3\" \/><\/div>\n\t\t\t\t\t<div class=\"wc-block-grid__product-title\">BeSmartWatch3<\/div>\n\t\t\t\t<\/a>\n\t\t\t\t<div class=\"wc-block-grid__product-price price\"><span class=\"woocommerce-Price-amount amount\" aria-hidden=\"true\"><span class=\"woocommerce-Price-currencySymbol\">&#036;<\/span>118.00<\/span> <span aria-hidden=\"true\">&ndash;<\/span> <span class=\"woocommerce-Price-amount amount\" aria-hidden=\"true\"><span class=\"woocommerce-Price-currencySymbol\">&#036;<\/span>180.00<\/span><span class=\"screen-reader-text\">Kho\u1ea3ng gi\u00e1: t\u1eeb &#036;118.00 \u0111\u1ebfn &#036;180.00<\/span><\/div>\n\t\t\t\t<div class=\"wc-block-grid__product-rating\"><span class=\"wc-rating-with-text\"><div class=\"star-rating\" role=\"img\" aria-label=\"\u0110\u01b0\u1ee3c x\u1ebfp h\u1ea1ng 5.00 5 sao\"><span style=\"width:100%\"><strong class=\"rating\">5.00<\/strong> tr\u00ean 5 d\u1ef1a tr\u00ean <span class=\"rating\">1<\/span> \u0111\u00e1nh gi\u00e1<\/span><\/div><span class=\"wc-rating-text\" aria-hidden=\"true\">5.0<\/span><\/span><\/div>\n\t\t\t\t<div class=\"wp-block-button wc-block-grid__product-add-to-cart\"><a href=\"https:\/\/saigonfnbconcept.vn\/index.php\/san-pham\/besmartwatch3\/\" aria-label=\"L\u1ef1a ch\u1ecdn cho &ldquo;BeSmartWatch3&rdquo;\" data-quantity=\"1\" data-product_id=\"182\" data-product_sku=\"be\/bs3\/0015\" data-price=\"118\" rel=\"nofollow\" class=\"wp-block-button__link  add_to_cart_button\">Ch\u1ecdn<\/a><\/div>\n\t\t\t<\/li><\/ul><\/div><\/div>\n<\/div>\n","protected":false},"excerpt":{"rendered":"","protected":false},"author":1,"featured_media":0,"parent":0,"menu_order":0,"comment_status":"closed","ping_status":"closed","template":"","meta":{"footnotes":""},"class_list":["post-4","page","type-page","status-publish","hentry"],"_links":{"self":[{"href":"https:\/\/saigonfnbconcept.vn\/index.php\/wp-json\/wp\/v2\/pages\/4","targetHints":{"allow":["GET"]}}],"collection":[{"href":"https:\/\/saigonfnbconcept.vn\/index.php\/wp-json\/wp\/v2\/pages"}],"about":[{"href":"https:\/\/saigonfnbconcept.vn\/index.php\/wp-json\/wp\/v2\/types\/page"}],"author":[{"embeddable":true,"href":"https:\/\/saigonfnbconcept.vn\/index.php\/wp-json\/wp\/v2\/users\/1"}],"replies":[{"embeddable":true,"href":"https:\/\/saigonfnbconcept.vn\/index.php\/wp-json\/wp\/v2\/comments?post=4"}],"version-history":[{"count":0,"href":"https:\/\/saigonfnbconcept.vn\/index.php\/wp-json\/wp\/v2\/pages\/4\/revisions"}],"wp:attachment":[{"href":"https:\/\/saigonfnbconcept.vn\/index.php\/wp-json\/wp\/v2\/media?parent=4"}],"curies":[{"name":"wp","href":"https:\/\/api.w.org\/{rel}","templated":true}]}}